{"id":297,"date":"2024-02-18T19:20:29","date_gmt":"2024-02-18T19:20:29","guid":{"rendered":"https:\/\/p-a-systems.com\/ueber-unser-unternehmen\/"},"modified":"2025-01-19T21:07:47","modified_gmt":"2025-01-19T21:07:47","slug":"ueber-unser-unternehmen","status":"publish","type":"page","link":"https:\/\/p-a-systems.com\/de\/ueber-unser-unternehmen\/","title":{"rendered":"\u00dcber unser Unternehmen"},"content":{"rendered":"\n<p>Wir sind ein junges, aber erfahrenes Unternehmen f\u00fcr digitale Transformation, k\u00fcnstliche Intelligenz und Softwareentwicklung, das sowohl branchenspezifische als auch branchenunabh\u00e4ngige Dienstleistungen und Produkte anbietet.<\/p>\n\n<p>Im Gegensatz zu anderen jungen IT-Firmen sind wir komplett eigenfinanziert und wachsen seit unserem offiziellen Start als wissenschaftliches Beratungsinstitut im Mai 2018 profitabel.<\/p>\n\n<p>Kurz nach dem Start mit unseren Beratungsleistungen haben wir uns 2019 zu einem KI-Dienstleister mit starker Vernetzung in die internationale Wissenschaft entwickelt, was unsere Kompetenzen auf die n\u00e4chste Stufe gehoben hat.<\/p>\n\n<p>Im Rahmen der Projekte mit unseren Kunden im Jahr 2020 haben wir zus\u00e4tzliche Aufgaben in den Bereichen Software-Engineering und Design \u00fcbernommen, so dass unsere Service- und Produktpalette noch weiter wachsen konnte.<\/p>\n\n<p>Seit 2021 agieren wir als Full-Service-Dienstleister f\u00fcr digitale Transformation, k\u00fcnstliche Intelligenz und Software-Entwicklung und implementieren KI-Anwendungen, Software-Applikationen sowie Beratungsleistungen und Schulungen, um die digitale Transformation der Zukunft voranzutreiben.<\/p>\n","protected":false},"excerpt":{"rendered":"<p>Wir sind ein junges, aber erfahrenes Unternehmen f\u00fcr digitale Transformation, k\u00fcnstliche Intelligenz und Softwareentwicklung, das sowohl branchenspezifische als auch branchenunabh\u00e4ngige Dienstleistungen und Produkte anbietet. Im Gegensatz zu anderen jungen IT-Firmen sind wir komplett eigenfinanziert und wachsen seit unserem offiziellen Start als wissenschaftliches Beratungsinstitut im Mai 2018 profitabel. Kurz nach dem Start mit unseren Beratungsleistungen haben [&hellip;]<\/p>\n","protected":false},"author":1,"featured_media":0,"parent":0,"menu_order":0,"comment_status":"closed","ping_status":"closed","template":"templates\/company-page.php","meta":{"_acf_changed":false,"footnotes":""},"class_list":["post-297","page","type-page","status-publish","hentry"],"acf":[],"_links":{"self":[{"href":"https:\/\/p-a-systems.com\/de\/wp-json\/wp\/v2\/pages\/297","targetHints":{"allow":["GET"]}}],"collection":[{"href":"https:\/\/p-a-systems.com\/de\/wp-json\/wp\/v2\/pages"}],"about":[{"href":"https:\/\/p-a-systems.com\/de\/wp-json\/wp\/v2\/types\/page"}],"author":[{"embeddable":true,"href":"https:\/\/p-a-systems.com\/de\/wp-json\/wp\/v2\/users\/1"}],"replies":[{"embeddable":true,"href":"https:\/\/p-a-systems.com\/de\/wp-json\/wp\/v2\/comments?post=297"}],"version-history":[{"count":13,"href":"https:\/\/p-a-systems.com\/de\/wp-json\/wp\/v2\/pages\/297\/revisions"}],"predecessor-version":[{"id":571,"href":"https:\/\/p-a-systems.com\/de\/wp-json\/wp\/v2\/pages\/297\/revisions\/571"}],"wp:attachment":[{"href":"https:\/\/p-a-systems.com\/de\/wp-json\/wp\/v2\/media?parent=297"}],"curies":[{"name":"wp","href":"https:\/\/api.w.org\/{rel}","templated":true}]}}